{"id":5091,"date":"2023-12-14T08:49:42","date_gmt":"2023-12-14T08:49:42","guid":{"rendered":"https:\/\/www.codeland.it\/politica-sui-cookie\/"},"modified":"2025-09-29T09:17:27","modified_gmt":"2025-09-29T09:17:27","slug":"politica-sui-cookie","status":"publish","type":"page","link":"https:\/\/www.codeland.it\/it\/politica-sui-cookie\/","title":{"rendered":"Politica sui cookie"},"content":{"rendered":"<p><div class=\"fusion-fullwidth fullwidth-box fusion-builder-row-1 fusion-flex-container has-pattern-background has-mask-background nonhundred-percent-fullwidth non-hundred-percent-height-scrolling\" style=\"--awb-border-radius-top-left:0px;--awb-border-radius-top-right:0px;--awb-border-radius-bottom-right:0px;--awb-border-radius-bottom-left:0px;--awb-padding-top:40px;--awb-padding-bottom:40px;--awb-background-color:#ffffff;--awb-flex-wrap:wrap;\" ><div class=\"fusion-builder-row fusion-row fusion-flex-align-items-flex-start fusion-flex-content-wrap\" style=\"max-width:1435.2px;margin-left: calc(-4% \/ 2 );margin-right: calc(-4% \/ 2 );\"><div class=\"fusion-layout-column fusion_builder_column fusion-builder-column-0 fusion_builder_column_1_1 1_1 fusion-flex-column\" style=\"--awb-bg-size:cover;--awb-width-large:100%;--awb-margin-top-large:0px;--awb-spacing-right-large:1.92%;--awb-margin-bottom-large:0px;--awb-spacing-left-large:1.92%;--awb-width-medium:100%;--awb-order-medium:0;--awb-spacing-right-medium:1.92%;--awb-spacing-left-medium:1.92%;--awb-width-small:100%;--awb-order-small:0;--awb-spacing-right-small:1.92%;--awb-spacing-left-small:1.92%;\"><div class=\"fusion-column-wrapper fusion-column-has-shadow fusion-flex-justify-content-flex-start fusion-content-layout-column\"><div class=\"fusion-title title fusion-title-1 fusion-sep-none fusion-title-center fusion-title-text fusion-title-size-one mainTitle\" style=\"--awb-font-size:45px;\"><h1 class=\"fusion-title-heading title-heading-center\" style=\"font-family:&quot;Montserrat&quot;;font-style:normal;font-weight:700;margin:0;font-size:1em;\"><span style=\"color: #a9cde0;\">\/<\/span> politica sui cookie<\/h1><\/div><\/div><\/div><\/div><\/div><div class=\"fusion-fullwidth fullwidth-box fusion-builder-row-2 fusion-flex-container has-pattern-background has-mask-background nonhundred-percent-fullwidth non-hundred-percent-height-scrolling\" style=\"--awb-border-radius-top-left:0px;--awb-border-radius-top-right:0px;--awb-border-radius-bottom-right:0px;--awb-border-radius-bottom-left:0px;--awb-flex-wrap:wrap;\" ><div class=\"fusion-builder-row fusion-row fusion-flex-align-items-flex-start fusion-flex-justify-content-center fusion-flex-content-wrap\" style=\"max-width:1435.2px;margin-left: calc(-4% \/ 2 );margin-right: calc(-4% \/ 2 );\"><div class=\"fusion-layout-column fusion_builder_column fusion-builder-column-1 fusion_builder_column_3_4 3_4 fusion-flex-column\" style=\"--awb-bg-size:cover;--awb-width-large:75%;--awb-margin-top-large:0px;--awb-spacing-right-large:2.56%;--awb-margin-bottom-large:0px;--awb-spacing-left-large:2.56%;--awb-width-medium:75%;--awb-order-medium:0;--awb-spacing-right-medium:2.56%;--awb-spacing-left-medium:2.56%;--awb-width-small:100%;--awb-order-small:0;--awb-spacing-right-small:1.92%;--awb-spacing-left-small:1.92%;\"><div class=\"fusion-column-wrapper fusion-column-has-shadow fusion-flex-justify-content-flex-start fusion-content-layout-column\"><div class=\"fusion-text fusion-text-1\"><p>In osservanza di quanto previsto dagli artt. 13 e 122 del D.lgs 30 giugno 2003, nonch\u00e9 da quanto previsto dal Provvedimento generale del Garante privacy dell\u20198 maggio 2014, la societ\u00e0 CodeLand S.r.l, con sede legale in Piazza IV Novembre \u2013 20124 Milano, titolare del trattamento, informa gli utenti dei siti internet www.codeland.it e codeland.it della tipologia di cookie dagli stessi utilizzati e delle finalit\u00e0 perseguite con le informazioni acquisite, fornendo altres\u00ec le indicazioni per procedere alla selezione\/deselezione dei singoli cookie. <\/p>\n<p>&nbsp;<\/p>\n<h2><span class=\"titleStyle--4 title-underline title-underline-small title-underline-orange\">Cosa sono i cookies?<\/span><\/h2>\n<p>Un \u201ccookie\u201d \u00e8 un piccolo file di testo creato da alcuni siti web sul computer dell\u2019utente al momento in cui questo accede ad un determinato sito, con lo scopo di immagazzinare e trasportare informazioni. I cookie sono inviati da un server web (che \u00e8 il computer sul quale \u00e8 in esecuzione il sito web visitato) al browser dell\u2019utente (Internet Explorer, Mozilla Firefox, Google Chrome, ecc.) e memorizzati sul computer di quest\u2019ultimo; vengono, quindi, re-inviati al sito web al momento delle visite successive. <\/p>\n<p>Alcune operazioni non potrebbero essere compiute senza l\u2019uso dei cookie, che, in alcuni casi, sono quindi tecnicamente necessari. In altri casi il sito visualizzato utilizza cookie per facilitare e agevolare la navigazione da parte dell\u2019utente o per consentire a questi di usufruire di servizi specificamente richiesti. <\/p>\n<p>I cookie possono rimanere nel sistema anche per lunghi periodi e possono contenere anche un codice identificativo unico. Ci\u00f2 consente ai siti che li utilizzano di tenere traccia della navigazione dell\u2019utente all\u2019interno del sito stesso, per finalit\u00e0 statistiche o pubblicitarie, per creare cio\u00e8 un profilo personalizzato dell\u2019utente a partire dalle pagine che lo stesso ha visitato e mostrargli e\/o inviargli quindi pubblicit\u00e0 mirate (c.d. Behavioural Advertising). <\/p>\n<p>&nbsp;<\/p>\n<h2><span class=\"titleStyle--4 title-underline title-underline-small title-underline-blue\">Cookies utilizzati e finalit\u00e0<\/span><\/h2>\n<p>I siti web www.codeland.it e codeland.it utilizzano diversi tipi di cookie tecnici, ma non profilanti. Il Titolare, seguendo le indicazioni fornite dall\u2019Autorit\u00e0 Garante nel provvedimento generale dell\u20198 maggio 2014, riporta di seguito le specifiche categorie di cookie adoperati, la finalit\u00e0 e la conseguenza che deriva dalla loro deselezione: <\/p>\n<div class=\"tableWrap\">\n<table>\n<tbody>\n<tr>\n<td><b>Tipologia<\/b><\/td>\n<td><b>Finalit\u00e0<\/b><\/td>\n<td><b>Siti nei quali i cookies vengono trattati<\/b><\/td>\n<td><b>Tempo di conservazione<\/b><\/td>\n<td><b>Conseguenza in caso di deselezione<\/b><\/td>\n<\/tr>\n<tr>\n<td>Cookies tecnici<\/td>\n<td>Gestione del sito. Consentono il funzionamento e l\u2019esplorazione sicura ed efficiente del sito web <\/td>\n<td>www.codeland.it, codeland.it<\/td>\n<td>Validi per la sessione di navigazione<\/td>\n<td>Si tratta dei cookie necessari per l\u2019utilizzo del sito Web, bloccarli non ne permette il funzionamento<\/td>\n<\/tr>\n<tr>\n<td>Cookie analytics<\/td>\n<td>Raccogliere informazioni in forma aggregata sulla navigazione da parte degli utenti per ottimizzare l\u2019esperienza di navigazione e i servizi stessi.<\/td>\n<td>www.codeland.it, codeland.it<\/td>\n<td>Stabiliti da terze parti, si rimanda all\u2019informativa di cui sotto.<\/td>\n<td>Non sarebbe pi\u00f9 possibile per il Titolare acquisire le informazioni aggregate<\/td>\n<\/tr>\n<\/tbody>\n<\/table>\n<\/div>\n<p>&nbsp;<\/p>\n<p><b>Cookie di terze parti<\/b><\/p>\n<p>Sui siti web www.codeland.it e codeland.it sono operativi anche cookie di terzi parti, ossia cookie creati da un sito web diverso da quello che l\u2019utente sta attualmente visitando. In base a quanto previsto dal provvedimento del garante privacy dell\u20198 maggio 2014, il Titolare \u00e8 tenuto, a fornire il link aggiornato alle informative e ai moduli di consenso delle terze parti con cui sono stati stipulati appositi accordi per l\u2019installazione di cookie tramite i propri siti. I cookie di terze parti utilizzati sono di tipo anonimo, tali cookie permettono di raccogliere e registrare, in modo anonimo, informazioni sulle pagine di ogni singolo sito consultate, ma non consentono di identificare il visitatore, e non sono in alcun modo combinati con altre informazioni. Tali dati sono utilizzati esclusivamente per tracciare ed esaminare l\u2019utilizzo dei siti da parte degli utenti, compilare statistiche sulla base di informazioni raccolte in forma anonima e mediante l\u2019utilizzo di dati in forma aggregata. In particolare, si informano gli utenti che il servizio di analisi web che rilasciano cookie utilizzato dal titolare \u00e8 \u201cGoogle Analytics\u201d, di seguito descritto. Google Analytics \u00e8 un servizio di analisi web fornito da Google, Inc. (\u201cGoogle\u201d) che utilizza dei \u201ccookies\u201d, che vengono depositati sul computer dell\u2019utente per consentire al sito web visitato di analizzare come gli utenti lo utilizzano. Le informazioni generate dal cookie sull\u2019utilizzo del sito web visitato da parte dell\u2019utente (compreso l\u2019 indirizzo IP) verranno trasmesse a Google, e depositate presso i server di Google negli Stati Uniti. Google utilizzer\u00e0 queste informazioni allo scopo di tracciare ed esaminare l\u2019utilizzo del sito web da parte dell\u2019utente, compilare report sulle attivit\u00e0 del sito web per gli operatori del sito e fornire altri servizi relativi alle attivit\u00e0 del sito web e all\u2019utilizzo di Internet. Google pu\u00f2 anche trasferire queste informazioni a terzi ove ci\u00f2 sia imposto dalla legge o laddove tali terzi trattino le suddette informazioni per conto di Google. Google non assocer\u00e0 gli indirizzi IP dell\u2019utente a nessun altro dato posseduto da Google. L\u2019utente pu\u00f2, in qualsiasi momento, rifiutarsi di usare i cookies selezionando l\u2019impostazione appropriata sul proprio browser. Per consultare l\u2019informativa privacy della societ\u00e0 Google relativa al servizio Google Analytics, nonch\u00e9 esprimere il proprio consenso all\u2019utilizzo dei suddetti cookies, si rinvia al sito Internet http:\/\/www.google.com\/intl\/en\/analytics\/privacyoverview.html.           <\/p>\n<p>&nbsp;<\/p>\n<h2><span class=\"titleStyle--4 title-underline title-underline-small title-underline-orange\">Social buttons<\/span><\/h2>\n<p>Sui siti www.codeland.it e codeland.it sono presenti dei particolari \u201cpulsanti\u201d (denominati \u201csocial buttons\/widgets\u201d) che raffigurano le icone di social network (esempio, Linkedin, Twitter, Facebook, Instagram). Detti bottoni consentono agli utenti che stanno navigando sul sito di interagire con un \u201cclick\u201d direttamente con i social network ivi raffigurati. In tal caso il social network acquisisce i dati relativi alla visita dell\u2019utente, mentre il Titolare non condivider\u00e0 alcuna informazione di navigazione o dato dell\u2019utente acquisiti attraverso i propri siti con i social network accessibili grazie ai Social buttons\/widgets.  <\/p>\n<p>&nbsp;<\/p>\n<h2><span class=\"titleStyle--4 title-underline title-underline-small title-underline-blue\">Deselezione\/attivazione cookies<\/span><\/h2>\n<p>Accedendo ai siti e superando il banner iniziale contenente l\u2019informativa breve, l\u2019utente ha prestato il proprio consenso espresso all\u2019utilizzo dei cookie tecnici espressamente indicati nel presente documento.<\/p>\n<p>La selezione\/deselezione dei singoli cookie potr\u00e0 avvenire liberamente tramite il proprio browser, di seguito i link per la gestione dei cookie sui vari browser pi\u00f9 diffusi:<\/p>\n<ul>\n<li>Chrome <a title=\"Chrome\" href=\"https:\/\/support.google.com\/chrome\/answer\/95647?hl=it\" target=\"_blank\" rel=\"noopener\">https:\/\/support.google.com\/chrome\/answer\/95647?hl=it<\/a><\/li>\n<li>Firefox <a title=\"Firefox\" href=\"https:\/\/support.mozilla.org\/it\/kb\/Gestione%20dei%20cookie\" target=\"_blank\" rel=\"noopener\">https:\/\/support.mozilla.org\/it\/kb\/Gestione%20dei%20cookie<\/a><\/li>\n<li>Internet Explorer <a title=\"Internet explorer\" href=\"http:\/\/windows.microsoft.com\/it-IT\/internet-explorer\/delete-manage-cookies\" target=\"_blank\" rel=\"noopener\">http:\/\/windows.microsoft.com\/it-IT\/internet-explorer\/delete-manage-cookies<\/a><\/li>\n<li>Opera <a title=\"Opera\" href=\"http:\/\/help.opera.com\/Windows\/10.00\/it\/cookies.html\" target=\"_blank\" rel=\"noopener\">http:\/\/help.opera.com\/Windows\/10.00\/it\/cookies.html<\/a><\/li>\n<li>Safari <a title=\"Safari\" href=\"http:\/\/support.apple.com\/kb\/HT1677?viewlocale=it_IT\" target=\"_blank\" rel=\"noopener\">http:\/\/support.apple.com\/kb\/HT1677?viewlocale=it_IT<\/a><\/li>\n<\/ul>\n<\/div><\/div><\/div><\/div><\/div><\/p>\n","protected":false},"excerpt":{"rendered":"","protected":false},"author":2,"featured_media":0,"parent":0,"menu_order":0,"comment_status":"closed","ping_status":"closed","template":"100-width.php","meta":{"_acf_changed":false,"footnotes":""},"class_list":["post-5091","page","type-page","status-publish","hentry"],"acf":[],"_links":{"self":[{"href":"https:\/\/www.codeland.it\/it\/wp-json\/wp\/v2\/pages\/5091","targetHints":{"allow":["GET"]}}],"collection":[{"href":"https:\/\/www.codeland.it\/it\/wp-json\/wp\/v2\/pages"}],"about":[{"href":"https:\/\/www.codeland.it\/it\/wp-json\/wp\/v2\/types\/page"}],"author":[{"embeddable":true,"href":"https:\/\/www.codeland.it\/it\/wp-json\/wp\/v2\/users\/2"}],"replies":[{"embeddable":true,"href":"https:\/\/www.codeland.it\/it\/wp-json\/wp\/v2\/comments?post=5091"}],"version-history":[{"count":2,"href":"https:\/\/www.codeland.it\/it\/wp-json\/wp\/v2\/pages\/5091\/revisions"}],"predecessor-version":[{"id":5093,"href":"https:\/\/www.codeland.it\/it\/wp-json\/wp\/v2\/pages\/5091\/revisions\/5093"}],"wp:attachment":[{"href":"https:\/\/www.codeland.it\/it\/wp-json\/wp\/v2\/media?parent=5091"}],"curies":[{"name":"wp","href":"https:\/\/api.w.org\/{rel}","templated":true}]}}