{"id":5136,"date":"2023-12-14T08:51:49","date_gmt":"2023-12-14T08:51:49","guid":{"rendered":"https:\/\/www.codeland.it\/informativa-sulla-privacy\/"},"modified":"2025-10-01T12:27:32","modified_gmt":"2025-10-01T12:27:32","slug":"informativa-sulla-privacy","status":"publish","type":"page","link":"https:\/\/www.codeland.it\/it\/informativa-sulla-privacy\/","title":{"rendered":"Informativa sulla privacy"},"content":{"rendered":"<p><div class=\"fusion-fullwidth fullwidth-box fusion-builder-row-1 fusion-flex-container has-pattern-background has-mask-background nonhundred-percent-fullwidth non-hundred-percent-height-scrolling\" style=\"--awb-border-radius-top-left:0px;--awb-border-radius-top-right:0px;--awb-border-radius-bottom-right:0px;--awb-border-radius-bottom-left:0px;--awb-padding-top:40px;--awb-padding-bottom:40px;--awb-background-color:#ffffff;--awb-flex-wrap:wrap;\" ><div class=\"fusion-builder-row fusion-row fusion-flex-align-items-flex-start fusion-flex-content-wrap\" style=\"max-width:1435.2px;margin-left: calc(-4% \/ 2 );margin-right: calc(-4% \/ 2 );\"><div class=\"fusion-layout-column fusion_builder_column fusion-builder-column-0 fusion_builder_column_1_1 1_1 fusion-flex-column\" style=\"--awb-bg-size:cover;--awb-width-large:100%;--awb-margin-top-large:0px;--awb-spacing-right-large:1.92%;--awb-margin-bottom-large:0px;--awb-spacing-left-large:1.92%;--awb-width-medium:100%;--awb-order-medium:0;--awb-spacing-right-medium:1.92%;--awb-spacing-left-medium:1.92%;--awb-width-small:100%;--awb-order-small:0;--awb-spacing-right-small:1.92%;--awb-spacing-left-small:1.92%;\"><div class=\"fusion-column-wrapper fusion-column-has-shadow fusion-flex-justify-content-flex-start fusion-content-layout-column\"><div class=\"fusion-title title fusion-title-1 fusion-sep-none fusion-title-center fusion-title-text fusion-title-size-one mainTitle\" style=\"--awb-font-size:45px;\"><h1 class=\"fusion-title-heading title-heading-center\" style=\"font-family:&quot;Montserrat&quot;;font-style:normal;font-weight:700;margin:0;font-size:1em;\"><span style=\"color: #a9cde0;\">\/<\/span> Informativa sulla privacy<\/h1><\/div><\/div><\/div><\/div><\/div><div class=\"fusion-fullwidth fullwidth-box fusion-builder-row-2 fusion-flex-container has-pattern-background has-mask-background nonhundred-percent-fullwidth non-hundred-percent-height-scrolling\" style=\"--awb-border-radius-top-left:0px;--awb-border-radius-top-right:0px;--awb-border-radius-bottom-right:0px;--awb-border-radius-bottom-left:0px;--awb-flex-wrap:wrap;\" ><div class=\"fusion-builder-row fusion-row fusion-flex-align-items-flex-start fusion-flex-justify-content-center fusion-flex-content-wrap\" style=\"max-width:1435.2px;margin-left: calc(-4% \/ 2 );margin-right: calc(-4% \/ 2 );\"><div class=\"fusion-layout-column fusion_builder_column fusion-builder-column-1 fusion_builder_column_3_4 3_4 fusion-flex-column\" style=\"--awb-bg-size:cover;--awb-width-large:75%;--awb-margin-top-large:0px;--awb-spacing-right-large:2.56%;--awb-margin-bottom-large:0px;--awb-spacing-left-large:2.56%;--awb-width-medium:75%;--awb-order-medium:0;--awb-spacing-right-medium:2.56%;--awb-spacing-left-medium:2.56%;--awb-width-small:100%;--awb-order-small:0;--awb-spacing-right-small:1.92%;--awb-spacing-left-small:1.92%;\"><div class=\"fusion-column-wrapper fusion-column-has-shadow fusion-flex-justify-content-flex-start fusion-content-layout-column\"><div class=\"fusion-text fusion-text-1\"><p>In osservanza a quanto previsto ai sensi e per gli effetti dell\u2019art. 13 D.Lgs. n. 196\/2003 e degli artt. 13 e 14 del Regolamento Europeo n. 679\/2016, il Titolare del trattamento, la Societ\u00e0 CodeLand S.r.l, con sede legale in Piazza IV Novembre \u2013 20124 Milano, informa gli utenti del sito internet www.codeland.it, sulle finalit\u00e0 e modalit\u00e0 del trattamento dei dati personali raccolti, nonch\u00e9 sul loro ambito di comunicazione e diffusione.     <\/p>\n<h2><span class=\"titleStyle--4 title-underline title-underline-small title-underline-orange\">Dati trattati<\/span><\/h2>\n<p><b>Dati di navigazione:<\/b><\/p>\n<p>I sistemi informatici e le procedure software preposte al funzionamento di questo sito web acquisiscono, nel corso del loro normale esercizio, alcuni dati personali la cui trasmissione \u00e8 implicita nell\u2019uso dei protocolli di comunicazione di Internet. Si tratta di informazioni che non sono raccolte per essere associate a interessati identificati, ma che per loro stessa natura potrebbero, attraverso elaborazioni ed associazioni con dati detenuti da terzi, permettere di identificare gli utenti. In questa categoria di dati rientrano gli indirizzi IP o i nomi a dominio dei computer utilizzati dagli utenti che si connettono al sito, gli indirizzi in notazione URI (Uniform Resource Identifier) delle risorse richieste, l\u2019orario della richiesta, il metodo utilizzato nel sottoporre la richiesta al server, la dimensione del file ottenuto in risposta, il codice numerico indicante lo stato della risposta data dal server (buon fine, errore, ecc.) ed altri parametri relativi al sistema operativo e all\u2019ambiente informatico dell\u2019utente. I dati, cos\u00ec raccolti, potrebbero essere utilizzati per l\u2019accertamento di responsabilit\u00e0 in caso di eventuali reati informatici ai danni del sito.   <\/p>\n<p><b>Dati forniti direttamente dall&#8217;utente:<\/b><\/p>\n<p>a) Dati forniti direttamente dall\u2019utente attraverso il form di contatto \u201cget in touch\u201d presente sul sito (nome, cognome, indirizzo mail e qualsiasi altro dato fornito volontariamente dall\u2019utente). Il conferimento dei dati indicati nel form \u00e8 obbligatorio per inviare la richiesta e il mancato conferimento comporter\u00e0 l\u2019impossibilit\u00e0 di poter procedere nell\u2019inoltro della richiesta e, conseguentemente, l\u2019impossibilit\u00e0 di ottenere il servizio demandato. Tali dati sono utilizzati esclusivamente al fine di dare corso alle richieste dell\u2019utente.  <\/p>\n<p>b) Dati inviati in modo facoltativo, esplicito e volontario agli indirizzi mail indicati sul sito. In questo caso si ha l\u2019acquisizione dell\u2019indirizzo del mittente, necessario per rispondere alla richiesta, nonch\u00e9 degli eventuali altri dati personali inseriti nella missiva. In nessun modo i dati personali verranno trattati per finalit\u00e0 di marketing. Specifiche eventuali informative di sintesi vengono riportate o visualizzate nelle pagine del Sito predisposte per i servizi a richiesta, in modo tale da richiamare l\u2019attenzione dell\u2019interessato sul trattamento dei suoi dati personali.   <\/p>\n<h2><span class=\"titleStyle--4 title-underline title-underline-small title-underline-blue\">Finalit\u00e0<\/span><\/h2>\n<p>I dati personali raccolti presso gli interessati e da questi spontaneamente comunicati attraverso la sezione \u201cget in touch\u201d del sito, o attraverso qualsiasi altra forma di contatto, sono utilizzati direttamente per la corretta gestione della richiesta avanzata e, eventualmente, per fornire un riscontro alla stessa. I dati verranno altres\u00ec trattati, solo previo consenso espresso, per l\u2019invio di messaggi informativi e comunicazioni commerciali e promozionali relativi all\u2019attivit\u00e0 svolta dal Titolare, attraverso i vari strumenti utilizzati (quali email, sms, contatto telefonico) nel completo rispetto dei principi di liceit\u00e0 e correttezza e delle disposizioni di legge. <\/p>\n<h2><span class=\"titleStyle--4 title-underline title-underline-small title-underline-orange\">Base giuridica<\/span><\/h2>\n<p>Il trattamento dei dati raccolti e archiviati a seguito di compilazione del form o a seguito di invio e-mail all\u2019indirizzo indicato su questo sito ha come base giuridica l\u2019interesse legittimo del Titolare (art. 6, lett. f) del Regolamento Ue 2016\/679) ad essere pi\u00f9 efficiente, dare informazioni sui prodotti offerti, nonch\u00e9 migliorare e sviluppare nuovi prodotti e servizi. Tali dati potranno essere trattati altres\u00ec per dare esecuzione a misure precontrattuali adottate su richiesta dell\u2019interessato. <\/p>\n<h2><span class=\"titleStyle--4 title-underline title-underline-small title-underline-blue\">Modalit\u00e0 di trattamento<\/span><\/h2>\n<p>Il trattamento dei dati avviene attraverso modalit\u00e0 cartacee e supporti informatici e telematici presso la sede legale del Titolare, ad opera di soggetti interni appositamente incaricati, nel rispetto di adeguate misure di sicurezza al fine di ridurre al minimo i rischi di distruzione o di perdita \u2013 anche accidentale \u2013 dei dati, di accesso non autorizzato o di trattamento non consentito o non conforme alle finalit\u00e0 di raccolta indicate nella presente Privacy Policy.<\/p>\n<h2><span class=\"titleStyle--4 title-underline title-underline-small title-underline-orange\">Tempo di conservazione<\/span><\/h2>\n<p>I dati vengono conservati, nel rispetto dei principi di necessit\u00e0 e proporzionalit\u00e0, per il periodo strettamente necessario a conseguire gli scopi per cui sono stati raccolti ovvero al solo fine di dare risposta alle domande pervenute in merito ai prodotti, e\/o per periodi di conservazione pi\u00f9 lunghi previsti dalla normativa per l\u2019adempimento di obblighi di legge.<\/p>\n<h2><span class=\"titleStyle--4 title-underline title-underline-small title-underline-blue\">Comunicazione<\/span><\/h2>\n<p>I dati raccolti possono essere comunicati a soggetti terzi che svolgono attivit\u00e0 in outsourcing per conto del titolare, in qualit\u00e0 di contitolari o responsabili esterni debitamente nominati (quali a titolo meramente esemplificativo e non esaustivo societ\u00e0 di fornitura e assistenza informatica). In ogni caso, il trattamento da parte di questi soggetti dovr\u00e0 avvenire nel rispetto delle disposizioni di legge vigenti e delle istruzioni impartite. I dati potranno essere altres\u00ec comunicati alle autorit\u00e0 competenti, secondo le previsioni di legge.  <\/p>\n<h2><span class=\"titleStyle--4 title-underline title-underline-small title-underline-orange\">Cookie<\/span><\/h2>\n<p>Nessun dato personale degli utenti viene in proposito acquisito dal sito. Non viene fatto uso di cookies per la trasmissione di informazioni di carattere personale, n\u00e9 vengono utilizzati c.d. cookies persistenti di alcun tipo, ovvero sistemi per il tracciamento degli utenti. L\u2019uso di c.d. cookies di sessione (che non vengono memorizzati in modo persistente sul computer dell\u2019utente e svaniscono con la chiusura del browser) \u00e8 strettamente limitato alla trasmissione di identificativi di sessione (costituiti da numeri casuali generati dal server) necessari per consentire l\u2019esplorazione sicura ed efficiente del sito. I c.d. cookies di sessione utilizzati in questo sito evitano il ricorso ad altre tecniche informatiche potenzialmente pregiudizievoli per la riservatezza della navigazione degli utenti e non consentono l\u2019acquisizione di dati personali identificativi dell\u2019utente.   <\/p>\n<h2><span class=\"titleStyle--4 title-underline title-underline-small title-underline-blue\">Diritti dell&#8217;interessato<\/span><\/h2>\n<p>L\u2019interessato potr\u00e0 far valere i propri diritti come espressi dall\u2019art. 7 D.Lgs. 196\/2003 e dagli artt. 15 e ss. Regolamento UE 679\/2016, rivolgendosi al titolare del trattamento tramite l\u2019invio di comunicazioni all\u2019indirizzo email privacy@codeland.it. In particolare, l\u2019interessato potr\u00e0 ottenere la conferma dell\u2019esistenza o meno di dati personali che lo riguardano, anche se non ancora registrati, e la loro comunicazione in forma intelligibile. L\u2019interessato ha diritto di ottenere l\u2019indicazione: a) dell\u2019origine dei dati personali; b) delle finalit\u00e0 e modalit\u00e0 del trattamento; c) della logica applicata in caso di trattamento effettuato con l\u2019ausilio di strumenti elettronici; d) degli estremi identificativi del titolare, dei responsabili e del rappresentante designato; e) dei soggetti o delle categorie di soggetti ai quali i dati personali possono essere comunicati o che possono venirne a conoscenza in qualit\u00e0 di rappresentante designato nel territorio dello Stato, di responsabili o incaricati. L\u2019interessato ha, altres\u00ec, diritto di ottenere: a) l\u2019aggiornamento, la rettificazione ovvero, quando vi ha interesse, l\u2019integrazione dei dati; b) la cancellazione, la trasformazione in forma anonima o il blocco dei dati trattati in violazione di legge, compresi quelli di cui non \u00e8 necessaria la conservazione in relazione agli scopi per i quali i dati sono stati raccolti o successivamente trattati; c) l\u2019attestazione che le operazioni di cui alle lettere a) e b) sono state portate a conoscenza, anche per quanto riguarda il loro contenuto, di coloro ai quali i dati sono stati comunicati, eccettuato il caso in cui tale adempimento si rivela impossibile o comporta un impiego di mezzi manifestamente sproporzionato rispetto al diritto tutelato. L\u2019interessato ha diritto di opporsi, in tutto o in parte: a) per motivi legittimi al trattamento dei dati personali che lo riguardano, ancorch\u00e9 pertinenti allo scopo della raccolta; b) al trattamento di dati personali che lo riguardano a fini di invio di materiale pubblicitario o di vendita diretta o per il compimento di ricerche di mercato o di comunicazione commerciale.                    <\/p>\n<h5><span class=\"titleStyle--4 title-underline title-underline-small title-underline-orange\">Titolare<\/span><\/h5>\n<p>Titolare del trattamento \u00e8 CodeLand S.r.l, con sede legale in Piazza IV Novembre \u2013 20124 Milano. Per ogni comunicazione il titolare mette a disposizione l\u2019indirizzo <a title=\"Email CodeLand\" href=\"mailto:privacy@codeland.it\">privacy@codeland.it<\/a>. <\/p>\n<\/div><\/div><\/div><\/div><\/div><\/p>\n","protected":false},"excerpt":{"rendered":"","protected":false},"author":2,"featured_media":0,"parent":0,"menu_order":0,"comment_status":"closed","ping_status":"closed","template":"100-width.php","meta":{"_acf_changed":false,"footnotes":""},"class_list":["post-5136","page","type-page","status-publish","hentry"],"acf":[],"_links":{"self":[{"href":"https:\/\/www.codeland.it\/it\/wp-json\/wp\/v2\/pages\/5136","targetHints":{"allow":["GET"]}}],"collection":[{"href":"https:\/\/www.codeland.it\/it\/wp-json\/wp\/v2\/pages"}],"about":[{"href":"https:\/\/www.codeland.it\/it\/wp-json\/wp\/v2\/types\/page"}],"author":[{"embeddable":true,"href":"https:\/\/www.codeland.it\/it\/wp-json\/wp\/v2\/users\/2"}],"replies":[{"embeddable":true,"href":"https:\/\/www.codeland.it\/it\/wp-json\/wp\/v2\/comments?post=5136"}],"version-history":[{"count":9,"href":"https:\/\/www.codeland.it\/it\/wp-json\/wp\/v2\/pages\/5136\/revisions"}],"predecessor-version":[{"id":5386,"href":"https:\/\/www.codeland.it\/it\/wp-json\/wp\/v2\/pages\/5136\/revisions\/5386"}],"wp:attachment":[{"href":"https:\/\/www.codeland.it\/it\/wp-json\/wp\/v2\/media?parent=5136"}],"curies":[{"name":"wp","href":"https:\/\/api.w.org\/{rel}","templated":true}]}}