{"id":5141,"date":"2023-11-28T11:07:45","date_gmt":"2023-11-28T11:07:45","guid":{"rendered":"https:\/\/www.codeland.it\/servizi\/servizi-professionali-adobe\/adobe-commerce\/"},"modified":"2025-09-29T09:39:08","modified_gmt":"2025-09-29T09:39:08","slug":"adobe-commerce","status":"publish","type":"page","link":"https:\/\/www.codeland.it\/it\/servizi\/servizi-professionali-adobe\/adobe-commerce\/","title":{"rendered":"Adobe Commerce"},"content":{"rendered":"<p><div class=\"fusion-fullwidth fullwidth-box fusion-builder-row-1 fusion-flex-container has-pattern-background has-mask-background hundred-percent-fullwidth non-hundred-percent-height-scrolling\" style=\"--awb-border-radius-top-left:0px;--awb-border-radius-top-right:0px;--awb-border-radius-bottom-right:0px;--awb-border-radius-bottom-left:0px;--awb-padding-top:20px;--awb-padding-bottom:20px;--awb-background-color:var(--awb-color5);--awb-flex-wrap:wrap;\" ><div class=\"fusion-builder-row fusion-row fusion-flex-align-items-flex-start fusion-flex-content-wrap\" style=\"width:104% !important;max-width:104% !important;margin-left: calc(-4% \/ 2 );margin-right: calc(-4% \/ 2 );\"><div class=\"fusion-layout-column fusion_builder_column fusion-builder-column-0 fusion_builder_column_1_1 1_1 fusion-flex-column\" style=\"--awb-bg-color:var(--awb-color5);--awb-bg-color-hover:var(--awb-color5);--awb-bg-size:cover;--awb-width-large:100%;--awb-margin-top-large:0px;--awb-spacing-right-large:1.92%;--awb-margin-bottom-large:0px;--awb-spacing-left-large:1.92%;--awb-width-medium:100%;--awb-order-medium:0;--awb-spacing-right-medium:1.92%;--awb-spacing-left-medium:1.92%;--awb-width-small:100%;--awb-order-small:0;--awb-spacing-right-small:1.92%;--awb-spacing-left-small:1.92%;\" data-scroll-devices=\"small-visibility,medium-visibility,large-visibility\"><div class=\"fusion-column-wrapper fusion-column-has-shadow fusion-flex-justify-content-flex-start fusion-content-layout-column\"><nav class=\"awb-menu awb-menu_row awb-menu_em-hover mobile-mode-collapse-to-button awb-menu_icons-left awb-menu_dc-yes mobile-trigger-fullwidth-off awb-menu_mobile-toggle awb-menu_indent-left mobile-size-full-absolute loading mega-menu-loading awb-menu_desktop awb-menu_dropdown awb-menu_expand-right awb-menu_transition-fade avada-main-menu\" style=\"--awb-font-size:15px;--awb-line-height:1.2;--awb-margin-top:0px;--awb-margin-bottom:0px;--awb-text-transform:uppercase;--awb-min-height:15px;--awb-bg:rgba(237,142,0,0);--awb-gap:3.5%;--awb-align-items:center;--awb-justify-content:center;--awb-border-bottom:2px;--awb-color:var(--awb-color6);--awb-letter-spacing:0.5px;--awb-active-color:var(--awb-color1);--awb-active-border-bottom:2px;--awb-active-border-color:var(--awb-color1);--awb-submenu-color:var(--awb-color1);--awb-submenu-bg:var(--awb-color5);--awb-submenu-sep-color:hsla(var(--awb-color1-h),var(--awb-color1-s),var(--awb-color1-l),calc(var(--awb-color1-a) - 90%));--awb-submenu-active-bg:var(--awb-color7);--awb-submenu-active-color:var(--awb-color1);--awb-submenu-space:16px;--awb-submenu-text-transform:none;--awb-icons-color:var(--awb-color1);--awb-icons-hover-color:var(--awb-color1);--awb-main-justify-content:flex-start;--awb-mobile-nav-button-align-hor:flex-end;--awb-mobile-bg:var(--awb-color7);--awb-mobile-color:var(--awb-color1);--awb-mobile-active-bg:var(--awb-color5);--awb-mobile-active-color:var(--awb-color1);--awb-mobile-trigger-color:var(--awb-color1);--awb-mobile-trigger-background-color:var(--awb-color6);--awb-mobile-nav-trigger-bottom-margin:20px;--awb-mobile-font-size:var(--awb-typography3-font-size);--awb-mobile-text-transform:var(--awb-typography3-text-transform);--awb-mobile-line-height:var(--awb-typography3-line-height);--awb-mobile-letter-spacing:var(--awb-typography3-letter-spacing);--awb-mobile-sep-color:hsla(var(--awb-color1-h),var(--awb-color1-s),var(--awb-color1-l),calc(var(--awb-color1-a) - 80%));--awb-justify-title:flex-start;--awb-mobile-justify:flex-start;--awb-mobile-caret-left:auto;--awb-mobile-caret-right:0;--awb-fusion-font-family-typography:&quot;Montserrat&quot;;--awb-fusion-font-style-typography:normal;--awb-fusion-font-weight-typography:400;--awb-fusion-font-family-submenu-typography:inherit;--awb-fusion-font-style-submenu-typography:normal;--awb-fusion-font-weight-submenu-typography:400;--awb-fusion-font-family-mobile-typography:var(--awb-typography3-font-family);--awb-fusion-font-weight-mobile-typography:var(--awb-typography3-font-weight);--awb-fusion-font-style-mobile-typography:var(--awb-typography3-font-style);\" aria-label=\"Adobe CMS\" data-breakpoint=\"0\" data-count=\"0\" data-transition-type=\"center-grow\" data-transition-time=\"300\" data-expand=\"right\"><ul id=\"menu-adobe-cms\" class=\"fusion-menu awb-menu__main-ul awb-menu__main-ul_row\"><li  id=\"menu-item-3493\"  class=\"menu-item menu-item-type-post_type menu-item-object-page menu-item-3493 awb-menu__li awb-menu__main-li awb-menu__main-li_regular\"  data-item-id=\"3493\"><span class=\"awb-menu__main-background-default awb-menu__main-background-default_center-grow\"><\/span><span class=\"awb-menu__main-background-active awb-menu__main-background-active_center-grow\"><\/span><a  href=\"https:\/\/www.codeland.it\/en\/services\/adobe-professional-services\/aem-sites\/\" class=\"awb-menu__main-a awb-menu__main-a_regular\"><span class=\"menu-text\">AEM Sites<\/span><\/a><\/li><li  id=\"menu-item-3488\"  class=\"menu-item menu-item-type-post_type menu-item-object-page menu-item-3488 awb-menu__li awb-menu__main-li awb-menu__main-li_regular\"  data-item-id=\"3488\"><span class=\"awb-menu__main-background-default awb-menu__main-background-default_center-grow\"><\/span><span class=\"awb-menu__main-background-active awb-menu__main-background-active_center-grow\"><\/span><a  href=\"https:\/\/www.codeland.it\/en\/services\/adobe-professional-services\/adobe-learning-manager\/\" class=\"awb-menu__main-a awb-menu__main-a_regular\"><span class=\"menu-text\">Adobe Learning Manager<\/span><\/a><\/li><li  id=\"menu-item-3487\"  class=\"menu-item menu-item-type-post_type menu-item-object-page menu-item-3487 awb-menu__li awb-menu__main-li awb-menu__main-li_regular\"  data-item-id=\"3487\"><span class=\"awb-menu__main-background-default awb-menu__main-background-default_center-grow\"><\/span><span class=\"awb-menu__main-background-active awb-menu__main-background-active_center-grow\"><\/span><a  href=\"https:\/\/www.codeland.it\/en\/services\/adobe-professional-services\/adobe-commerce\/\" class=\"awb-menu__main-a awb-menu__main-a_regular\"><span class=\"menu-text\">Adobe Commerce<\/span><\/a><\/li><li  id=\"menu-item-3491\"  class=\"menu-item menu-item-type-post_type menu-item-object-page menu-item-3491 awb-menu__li awb-menu__main-li awb-menu__main-li_regular\"  data-item-id=\"3491\"><span class=\"awb-menu__main-background-default awb-menu__main-background-default_center-grow\"><\/span><span class=\"awb-menu__main-background-active awb-menu__main-background-active_center-grow\"><\/span><a  href=\"https:\/\/www.codeland.it\/en\/services\/adobe-professional-services\/aem-forms\/\" class=\"awb-menu__main-a awb-menu__main-a_regular\"><span class=\"menu-text\">AEM Forms<\/span><\/a><\/li><li  id=\"menu-item-3492\"  class=\"menu-item menu-item-type-post_type menu-item-object-page menu-item-3492 awb-menu__li awb-menu__main-li awb-menu__main-li_regular\"  data-item-id=\"3492\"><span class=\"awb-menu__main-background-default awb-menu__main-background-default_center-grow\"><\/span><span class=\"awb-menu__main-background-active awb-menu__main-background-active_center-grow\"><\/span><a  href=\"https:\/\/www.codeland.it\/en\/services\/adobe-professional-services\/aem-guides\/\" class=\"awb-menu__main-a awb-menu__main-a_regular\"><span class=\"menu-text\">Guide AEM<\/span><\/a><\/li><li  id=\"menu-item-3489\"  class=\"menu-item menu-item-type-post_type menu-item-object-page menu-item-3489 awb-menu__li awb-menu__main-li awb-menu__main-li_regular\"  data-item-id=\"3489\"><span class=\"awb-menu__main-background-default awb-menu__main-background-default_center-grow\"><\/span><span class=\"awb-menu__main-background-active awb-menu__main-background-active_center-grow\"><\/span><a  href=\"https:\/\/www.codeland.it\/en\/services\/adobe-professional-services\/aem-assets\/\" class=\"awb-menu__main-a awb-menu__main-a_regular\"><span class=\"menu-text\">Risorse AEM<\/span><\/a><\/li><\/ul><\/nav><\/div><\/div><\/div><\/div><div class=\"fusion-fullwidth fullwidth-box fusion-builder-row-2 fusion-flex-container has-pattern-background has-mask-background nonhundred-percent-fullwidth non-hundred-percent-height-scrolling\" style=\"--awb-border-radius-top-left:0px;--awb-border-radius-top-right:0px;--awb-border-radius-bottom-right:0px;--awb-border-radius-bottom-left:0px;--awb-padding-top:10px;--awb-padding-bottom:40px;--awb-background-color:#ffffff;--awb-flex-wrap:wrap;\" ><div class=\"fusion-builder-row fusion-row fusion-flex-align-items-flex-start fusion-flex-justify-content-center fusion-flex-content-wrap\" style=\"max-width:1435.2px;margin-left: calc(-4% \/ 2 );margin-right: calc(-4% \/ 2 );\"><div class=\"fusion-layout-column fusion_builder_column fusion-builder-column-1 fusion_builder_column_3_4 3_4 fusion-flex-column\" style=\"--awb-bg-size:cover;--awb-width-large:75%;--awb-margin-top-large:0px;--awb-spacing-right-large:2.56%;--awb-margin-bottom-large:0px;--awb-spacing-left-large:2.56%;--awb-width-medium:75%;--awb-order-medium:0;--awb-spacing-right-medium:2.56%;--awb-spacing-left-medium:2.56%;--awb-width-small:100%;--awb-order-small:0;--awb-spacing-right-small:1.92%;--awb-spacing-left-small:1.92%;\"><div class=\"fusion-column-wrapper fusion-column-has-shadow fusion-flex-justify-content-flex-start fusion-content-layout-column\"><nav class=\"fusion-breadcrumbs fusion-breadcrumbs-1 breadcrumbsCmp\" style=\"--awb-margin-top:40px;--awb-margin-bottom:0;--awb-alignment:center;--awb-font-size:13px;--awb-breadcrumb-sep:&#039;\u00bb&#039;;text-align:center;\" aria-label=\"Breadcrumb\"><ol class=\"awb-breadcrumb-list\"><\/ol><\/nav><\/div><\/div><div class=\"fusion-layout-column fusion_builder_column fusion-builder-column-2 fusion_builder_column_3_4 3_4 fusion-flex-column\" style=\"--awb-bg-size:cover;--awb-width-large:75%;--awb-margin-top-large:0px;--awb-spacing-right-large:2.56%;--awb-margin-bottom-large:0px;--awb-spacing-left-large:2.56%;--awb-width-medium:75%;--awb-order-medium:0;--awb-spacing-right-medium:2.56%;--awb-spacing-left-medium:2.56%;--awb-width-small:100%;--awb-order-small:0;--awb-spacing-right-small:1.92%;--awb-spacing-left-small:1.92%;\"><div class=\"fusion-column-wrapper fusion-column-has-shadow fusion-flex-justify-content-flex-start fusion-content-layout-column\"><div class=\"fusion-title title fusion-title-1 fusion-sep-none fusion-title-center fusion-title-text fusion-title-size-one mainTitle\" style=\"--awb-margin-bottom:0px;--awb-font-size:var(--awb-custom_typography_2-font-size);\"><h1 class=\"fusion-title-heading title-heading-center\" style=\"font-family:var(--awb-custom_typography_2-font-family);font-weight:var(--awb-custom_typography_2-font-weight);font-style:var(--awb-custom_typography_2-font-style);margin:0;letter-spacing:var(--awb-custom_typography_2-letter-spacing);text-transform:var(--awb-custom_typography_2-text-transform);font-size:1em;line-height:var(--awb-custom_typography_2-line-height);\"><span style=\"color: #a9cde0;\">\/<\/span> Adobe Commerce<\/h1><\/div><\/div><\/div><\/div><\/div><div class=\"fusion-fullwidth fullwidth-box fusion-builder-row-3 fusion-flex-container has-pattern-background has-mask-background nonhundred-percent-fullwidth non-hundred-percent-height-scrolling\" style=\"--awb-border-radius-top-left:0px;--awb-border-radius-top-right:0px;--awb-border-radius-bottom-right:0px;--awb-border-radius-bottom-left:0px;--awb-padding-bottom:40px;--awb-background-color:#ffffff;--awb-flex-wrap:wrap;\" ><div class=\"fusion-builder-row fusion-row fusion-flex-align-items-flex-start fusion-flex-justify-content-center fusion-flex-content-wrap\" style=\"max-width:1435.2px;margin-left: calc(-4% \/ 2 );margin-right: calc(-4% \/ 2 );\"><div class=\"fusion-layout-column fusion_builder_column fusion-builder-column-3 fusion_builder_column_3_4 3_4 fusion-flex-column\" style=\"--awb-bg-size:cover;--awb-width-large:75%;--awb-margin-top-large:0px;--awb-spacing-right-large:2.56%;--awb-margin-bottom-large:0px;--awb-spacing-left-large:2.56%;--awb-width-medium:75%;--awb-order-medium:0;--awb-spacing-right-medium:2.56%;--awb-spacing-left-medium:2.56%;--awb-width-small:100%;--awb-order-small:0;--awb-spacing-right-small:1.92%;--awb-spacing-left-small:1.92%;\"><div class=\"fusion-column-wrapper fusion-column-has-shadow fusion-flex-justify-content-flex-start fusion-content-layout-column\"><div class=\"fusion-text fusion-text-1\"><p>Adobe Commerce \u00e8 la soluzione integrata sviluppata da Adobe per supportare le piattaforme di e-commerce. Basato sulla piattaforma <strong>Magento<\/strong> ampiamente adottata, Adobe Commerce \u00e8 perfettamente integrato con Adobe Experience Cloud, sfruttando i modelli headless (integrandosi con AEM Sites) e tutte le informazioni necessarie per analizzare il pubblico e promuovere i prodotti con il supporto dei servizi di intelligenza artificiale. <\/p>\n<p>La nostra unit\u00e0 interna che lavora su soluzioni di e-commerce \u00e8 in grado sia di sviluppare un sito Adobe Commerce completo di tutte le funzionalit\u00e0 integrato con AEM Sites per il frontend, sia di integrare AEM Sites con diversi motori di commercio esterni (come Hybris, ad esempio) o di integrare strumenti di ricerca prodotti come Algolia.<\/p>\n<p>Anche se il nostro primo approccio si basa sulle best practice di Adobe, manteniamo le <strong>esigenze del cliente<\/strong> come nostro riferimento principale, fornendo quando necessario soluzioni personalizzate basate su API e standard aperti (come il framework CIF supportato da Adobe).<\/p>\n<\/div><\/div><\/div><\/div><\/div><\/p>\n","protected":false},"excerpt":{"rendered":"","protected":false},"author":2,"featured_media":0,"parent":5130,"menu_order":0,"comment_status":"closed","ping_status":"closed","template":"100-width.php","meta":{"_acf_changed":false,"footnotes":""},"class_list":["post-5141","page","type-page","status-publish","hentry"],"acf":[],"_links":{"self":[{"href":"https:\/\/www.codeland.it\/it\/wp-json\/wp\/v2\/pages\/5141","targetHints":{"allow":["GET"]}}],"collection":[{"href":"https:\/\/www.codeland.it\/it\/wp-json\/wp\/v2\/pages"}],"about":[{"href":"https:\/\/www.codeland.it\/it\/wp-json\/wp\/v2\/types\/page"}],"author":[{"embeddable":true,"href":"https:\/\/www.codeland.it\/it\/wp-json\/wp\/v2\/users\/2"}],"replies":[{"embeddable":true,"href":"https:\/\/www.codeland.it\/it\/wp-json\/wp\/v2\/comments?post=5141"}],"version-history":[{"count":1,"href":"https:\/\/www.codeland.it\/it\/wp-json\/wp\/v2\/pages\/5141\/revisions"}],"predecessor-version":[{"id":5154,"href":"https:\/\/www.codeland.it\/it\/wp-json\/wp\/v2\/pages\/5141\/revisions\/5154"}],"up":[{"embeddable":true,"href":"https:\/\/www.codeland.it\/it\/wp-json\/wp\/v2\/pages\/5130"}],"wp:attachment":[{"href":"https:\/\/www.codeland.it\/it\/wp-json\/wp\/v2\/media?parent=5141"}],"curies":[{"name":"wp","href":"https:\/\/api.w.org\/{rel}","templated":true}]}}